{"id":2,"date":"2022-11-28T07:42:50","date_gmt":"2022-11-28T07:42:50","guid":{"rendered":"http:\/\/rincondenoticias.com\/wordpress\/?page_id=2"},"modified":"2022-11-28T20:39:44","modified_gmt":"2022-11-28T20:39:44","slug":"sample-page","status":"publish","type":"page","link":"https:\/\/rincondenoticias.com\/?page_id=2","title":{"rendered":"Novedades 2023"},"content":{"rendered":"\r\n<p>letra a letra &#8211; la Agencia Global de Contenidos en Internet para Agencias y Pymes renueva su aspecto web y el de todos sus portales informativos.<\/p>\r\n<p>&#8211; Contenidos Profesionales: contenidosprofesionales.com<\/p>\r\n<p>&#8211; Contenidos Especializados: contenidos.biz<\/p>\r\n<p>&#8211; Rinc\u00f3n de Noticias: rincondenoticias.com<\/p>\r\n<p>&#8211; Prensa y Comunicaci\u00f3n: prensaycomunicaci\u00f3n.com<\/p>\r\n<p>Y esto es s\u00f3lo el principio, permanece atento a las pr\u00f3ximas novedades para el 2023.<\/p>\r\n<p>\u00bfte lo vas a perder?<\/p>\r\n<p>No lo olvides: Letra a Letra, tu Agencia Global de Contenidos en Internet.<\/p>\r\n<p>Pulsa en la imagen y p\u00eddenos m\u00e1s informaci\u00f3n sin compromiso. \u00bfA qu\u00e9 esperas?<\/p>\r\n<p><a href=\"https:\/\/www.letraaletra.com\/mailing_lal6\/formgeneral2.php\" target=\"_blank\" rel=\"noopener\"><img loading=\"lazy\" decoding=\"async\" class=\"alignnone size-full wp-image-37\" src=\"https:\/\/rincondenoticias.com\/wp-content\/uploads\/2022\/11\/rdnlogo.jpg\" alt=\"\" width=\"124\" height=\"200\" \/><\/a><\/p>\r\n","protected":false},"excerpt":{"rendered":"<p>letra a letra &#8211; la Agencia Global de Contenidos en Internet para Agencias y Pymes renueva su aspecto web y el de todos sus portales informativos. &#8211; Contenidos Profesionales: contenidosprofesionales.com &#8211; Contenidos Especializados: contenidos.biz &#8211; Rinc\u00f3n de Noticias: rincondenoticias.com &#8211; Prensa y Comunicaci\u00f3n: prensaycomunicaci\u00f3n.com Y esto es s\u00f3lo el principio, permanece atento a las pr\u00f3ximas [&hellip;]<\/p>\n","protected":false},"author":1,"featured_media":38,"parent":0,"menu_order":0,"comment_status":"closed","ping_status":"open","template":"","meta":{"footnotes":""},"class_list":["post-2","page","type-page","status-publish","has-post-thumbnail","hentry"],"_links":{"self":[{"href":"https:\/\/rincondenoticias.com\/index.php?rest_route=\/wp\/v2\/pages\/2","targetHints":{"allow":["GET"]}}],"collection":[{"href":"https:\/\/rincondenoticias.com\/index.php?rest_route=\/wp\/v2\/pages"}],"about":[{"href":"https:\/\/rincondenoticias.com\/index.php?rest_route=\/wp\/v2\/types\/page"}],"author":[{"embeddable":true,"href":"https:\/\/rincondenoticias.com\/index.php?rest_route=\/wp\/v2\/users\/1"}],"replies":[{"embeddable":true,"href":"https:\/\/rincondenoticias.com\/index.php?rest_route=%2Fwp%2Fv2%2Fcomments&post=2"}],"version-history":[{"count":3,"href":"https:\/\/rincondenoticias.com\/index.php?rest_route=\/wp\/v2\/pages\/2\/revisions"}],"predecessor-version":[{"id":40,"href":"https:\/\/rincondenoticias.com\/index.php?rest_route=\/wp\/v2\/pages\/2\/revisions\/40"}],"wp:featuredmedia":[{"embeddable":true,"href":"https:\/\/rincondenoticias.com\/index.php?rest_route=\/wp\/v2\/media\/38"}],"wp:attachment":[{"href":"https:\/\/rincondenoticias.com\/index.php?rest_route=%2Fwp%2Fv2%2Fmedia&parent=2"}],"curies":[{"name":"wp","href":"https:\/\/api.w.org\/{rel}","templated":true}]}}